{"id":106,"date":"2025-07-14T14:19:20","date_gmt":"2025-07-14T14:19:20","guid":{"rendered":"https:\/\/fjallflygarna.se\/web\/?page_id=106"},"modified":"2026-03-16T14:50:52","modified_gmt":"2026-03-16T14:50:52","slug":"fiske","status":"publish","type":"page","link":"https:\/\/fjallflygarna.se\/en\/fiske\/","title":{"rendered":"Fishing"},"content":{"rendered":"<h1 class=\"wp-block-heading\">Fishing<\/h1>\n\n\n\n<p>Here you will find everything an angler could wish for \u2014 space, freedom, and countless opportunities to explore excellent fishing waters.\n\nThere are many kilometers of flowing rivers, an eldorado for dedicated fly fishermen, as well as dozens of fish-rich lakes for spinning and ice fishing. The area is home to beautiful mountain fish such as brown trout and Arctic char.\n\nThis is why many visitors travel to Adolfstr\u00f6m \u2014 and why many return year after year. &nbsp;<\/p>\n\n\n\n<div class=\"wp-block-group is-nowrap is-layout-flex wp-container-core-group-is-layout-6c531013 wp-block-group-is-layout-flex\">\n<p><br>To make a booking, email us at:&nbsp;<a href=\"mailto:boka@fjallflygarna.se\">boka@fjallflygarna.se<\/a> or fill out our form <a href=\"https:\/\/fjallflygarna.se\/en\/web\/boka-flyg\/\" data-type=\"page\" data-id=\"36\">BOOK FLIGHT<\/a><\/p>\n\n\n\n<figure class=\"wp-block-image size-full\"><img loading=\"lazy\" decoding=\"async\" width=\"818\" height=\"767\" src=\"https:\/\/fjallflygarna.se\/web\/wp-content\/uploads\/2026\/02\/Skarmbild-2026-02-21-212838.jpg\" alt=\"\" class=\"wp-image-465\" srcset=\"https:\/\/fjallflygarna.se\/web\/wp-content\/uploads\/2026\/02\/Skarmbild-2026-02-21-212838.jpg 818w, https:\/\/fjallflygarna.se\/web\/wp-content\/uploads\/2026\/02\/Skarmbild-2026-02-21-212838-300x281.jpg 300w, https:\/\/fjallflygarna.se\/web\/wp-content\/uploads\/2026\/02\/Skarmbild-2026-02-21-212838-768x720.jpg 768w, https:\/\/fjallflygarna.se\/web\/wp-content\/uploads\/2026\/02\/Skarmbild-2026-02-21-212838-13x12.jpg 13w\" sizes=\"auto, (max-width: 818px) 100vw, 818px\" \/><\/figure>\n<\/div>\n\n\n\n<h4 class=\"wp-block-heading\"><br>Magnificent Nature<\/h4>\n\n\n\n<p>The Lais\u00e4lven River is one of the main source rivers of the Vindel\u00e4lven, and the Laisdalen Valley is one of the true gems among Sweden\u2019s river valleys \u2014 wilder and more majestic than many others, and perhaps also more untouched.<\/p>\n\n\n\n<p>Deep in the Vindelfj\u00e4llen Nature Reserve, Vindel\u00e4lven has a limited-access fishing stretch that we can fly you to.<\/p>\n\n\n\n<p>Let a spectacular natural environment frame your fishing experience, often far beyond mobile phone coverage in the upper parts of these valleys.<\/p>\n\n\n\n<h4 class=\"wp-block-heading\"><br>Freedom<\/h4>\n\n\n\n<p>There are many ways to create the perfect fishing holiday, and most of them are possible here in Adolfstr\u00f6m.\n\nThe simplest option requires no special arrangements: stay in one of our cabins. From here it is just a short walk to the Arctic char lake Yraf and several small lakes within hiking distance. This option is perfect for the whole family.\n\nBut you can also wander freely on your own \u2014 with your tent, coffee pot, and mosquito repellent \u2014 moving from lake to lake, river to stream, surrounded only by wilderness and the sound of rapids as you fall asleep in the evening.<\/p>\n\n\n\n<p>If you prefer to reach more remote fishing waters, we offer several options throughout the mountain region around Adolfstr\u00f6m. In that case, we can fly you and your companions by helicopter over the mountain peaks and straight into the wilderness.<\/p>\n\n\n\n<p id=\"fiskekart\">Another unforgettable fishing experience is ice fishing in June. While the snow has melted in the valleys, winter conditions may still remain on high-altitude lakes. Bring sunscreen and sunglasses, as the reflection from the snow can be strong. Mosquito repellent, however, can usually stay at home.\n\nThe length of this season varies depending on the spring weather, but fishing opens June 1st.<br><\/p>\n\n\n\n<h4 class=\"wp-block-heading\"><br>Fishing Map<\/h4>\n\n\n\n<p>Use our fishing map to explore some of the most popular fishing waters in the area. By clicking on each fishing symbol, you can view more information about that specific location.<br>Contact us for price proposals.<\/p>\n\n\n\n<p><\/p>\n\n\n\n<iframe loading=\"lazy\" src=\"https:\/\/www.google.com\/maps\/d\/embed?mid=1QHunewhKGK8jhMlwi9bhUn4IlTM\" width=\"640\" height=\"480\"><\/iframe>\n\n\n\n<p>More information about fishing regulations in the mountains can be found on the County Administrative Board of Norrbotten website\u2192&nbsp; <a href=\"https:\/\/www.lansstyrelsen.se\/norrbotten\/djur\/fiske\/fiska-i-fjallen.html#:~:text=Vill%20du%20fiska%20i%20fj%C3%A4llen%3F%20F%C3%B6r%20att%20fisket,i%20statens%20vatten%20ovan%20odlingsgr%C3%A4nsen%20och%20p%C3%A5%20renbetesfj%C3%A4llen.\">Fiska i fj\u00e4llen | L\u00e4nsstyrelsen Norrbotten<\/a><\/p>\n\n\n\n<p>Information about the Vindel\u00e4lven quota fishing sections and waters around Ammarn\u00e4s can be found on the County Administrative Board of V\u00e4sterbotten website\u2192 <a href=\"https:\/\/www.lansstyrelsen.se\/vasterbotten\/djur\/fiske\/fiska-i-fjallen.html\">Fiska i fj\u00e4llen | L\u00e4nsstyrelsen V\u00e4sterbotten<\/a><\/p>\n\n\n\n<p>For those who previously fly-fished in the Dellik\u00e4lven River, please note that the fly-fishing section in the upper part of the river is still closed.<\/p>\n\n\n\n<h4 class=\"wp-block-heading\">Water Levels<\/h4>\n\n\n\n<p>SMHI provides a service where you can see current and historical water flow levels in rivers. This can be useful when planning your fishing trip:<br><a href=\"http:\/\/vattenwebb.smhi.se\/hydronu\/\">http:\/\/vattenwebb.smhi.se\/hydronu\/<\/a><\/p>\n\n\n\n<p><\/p>","protected":false},"excerpt":{"rendered":"<p>Fiske H\u00e4r finns allt det goda en sp\u00f6slitare \u00f6nskar sig \u2013 utrymme, frihet och alternativen f\u00f6r den som verkligen vill ta nappatag i fina vattendrag. Fler mil med str\u00f6mmande vatten, eldoradon f\u00f6r den inbitne flugfiskaren. Tiotals fiskrika sj\u00f6ar f\u00f6r spinnfiskaren och pimplaren. Och h\u00e4r finns fin fj\u00e4llfisk &#8211; lax\u00f6ring och [&hellip;]<\/p>\n","protected":false},"author":1,"featured_media":0,"parent":0,"menu_order":0,"comment_status":"closed","ping_status":"closed","template":"","meta":{"_themeisle_gutenberg_block_has_review":false,"footnotes":""},"class_list":["post-106","page","type-page","status-publish","hentry"],"_links":{"self":[{"href":"https:\/\/fjallflygarna.se\/en\/wp-json\/wp\/v2\/pages\/106","targetHints":{"allow":["GET"]}}],"collection":[{"href":"https:\/\/fjallflygarna.se\/en\/wp-json\/wp\/v2\/pages"}],"about":[{"href":"https:\/\/fjallflygarna.se\/en\/wp-json\/wp\/v2\/types\/page"}],"author":[{"embeddable":true,"href":"https:\/\/fjallflygarna.se\/en\/wp-json\/wp\/v2\/users\/1"}],"replies":[{"embeddable":true,"href":"https:\/\/fjallflygarna.se\/en\/wp-json\/wp\/v2\/comments?post=106"}],"version-history":[{"count":10,"href":"https:\/\/fjallflygarna.se\/en\/wp-json\/wp\/v2\/pages\/106\/revisions"}],"predecessor-version":[{"id":491,"href":"https:\/\/fjallflygarna.se\/en\/wp-json\/wp\/v2\/pages\/106\/revisions\/491"}],"wp:attachment":[{"href":"https:\/\/fjallflygarna.se\/en\/wp-json\/wp\/v2\/media?parent=106"}],"curies":[{"name":"wp","href":"https:\/\/api.w.org\/{rel}","templated":true}]}}