{"id":124,"date":"2025-07-14T15:31:20","date_gmt":"2025-07-14T15:31:20","guid":{"rendered":"https:\/\/fjallflygarna.se\/web\/?page_id=124"},"modified":"2026-03-02T15:50:58","modified_gmt":"2026-03-02T15:50:58","slug":"kameror","status":"publish","type":"page","link":"https:\/\/fjallflygarna.se\/en\/kameror\/","title":{"rendered":"Webkameror"},"content":{"rendered":"<h2 class=\"wp-block-heading\">Webcams<\/h2>\n\n\n\n<p>Our webcams are used by pilots and ground personnel to help plan flights in the area. This allows us to combine high safety standards with the best possible availability and service for our customers.&nbsp;<\/p>\n\n\n\n<p><br><strong><u>Adolfstr\u00f6m<\/u><\/strong><strong><\/strong><br>Mount Tj\u00e4ksa<\/p>\n\n\n\n<figure class=\"wp-block-image\"><a href=\"https:\/\/fjallflygarna.se\/en\/webcam\/1280_bild.htm\/\" target=\"_blank\" rel=\"noreferrer noopener\"><img decoding=\"async\" src=\"http:\/\/www.fjallflygarna.se\/webcam\/fjallflyg_1_640.jpg\" alt=\"Webkamera_320\"\/><\/a><\/figure>\n\n\n\n<p><a href=\"https:\/\/fjallflygarna.se\/en\/#topBoxContentWrapperstacks_in_133\"><\/a><\/p>\n\n\n\n<p><br><strong><u>Biergenes<\/u><\/strong><br><br>Outside Ammarn\u00e4s<\/p>\n\n\n\n<figure class=\"wp-block-image\"><a href=\"https:\/\/fjallflygarna.se\/en\/webcam2\/1280_bild.htm\/\" target=\"_blank\" rel=\"noreferrer noopener\"><img decoding=\"async\" src=\"http:\/\/www.fjallflygarna.se\/webcam2\/fjallflyg_2_640.jpg\" alt=\"Webkamera_320\"\/><\/a><\/figure>\n\n\n\n<p><a href=\"https:\/\/fjallflygarna.se\/en\/#topBoxContentWrapperstacks_in_128\"><\/a><\/p>\n\n\n\n<p>The cameras are solar powered and are usually&nbsp;<br>turned off from October to May.<\/p>","protected":false},"excerpt":{"rendered":"<p>Webbkameror V\u00e5ra webbkameror anv\u00e4nds av piloter och markpersonal f\u00f6r att planera flygningar i omr\u00e5det. Det ger oss m\u00f6jlighet att med h\u00e4nsyn till v\u00e4dret kunna f\u00f6rena h\u00f6g s\u00e4kerhet med b\u00e4sta m\u00f6jliga tillg\u00e4nglighet och bra service mot v\u00e5ra kunder.&nbsp; Adolfstr\u00f6mFj\u00e4llet Tj\u00e4ksa Biergenes Utanf\u00f6r Ammarn\u00e4s Drivs med solceller och \u00e4r oftast&nbsp;avst\u00e4ngd oktober &#8211; [&hellip;]<\/p>\n","protected":false},"author":1,"featured_media":0,"parent":0,"menu_order":0,"comment_status":"closed","ping_status":"closed","template":"","meta":{"_themeisle_gutenberg_block_has_review":false,"footnotes":""},"class_list":["post-124","page","type-page","status-publish","hentry"],"_links":{"self":[{"href":"https:\/\/fjallflygarna.se\/en\/wp-json\/wp\/v2\/pages\/124","targetHints":{"allow":["GET"]}}],"collection":[{"href":"https:\/\/fjallflygarna.se\/en\/wp-json\/wp\/v2\/pages"}],"about":[{"href":"https:\/\/fjallflygarna.se\/en\/wp-json\/wp\/v2\/types\/page"}],"author":[{"embeddable":true,"href":"https:\/\/fjallflygarna.se\/en\/wp-json\/wp\/v2\/users\/1"}],"replies":[{"embeddable":true,"href":"https:\/\/fjallflygarna.se\/en\/wp-json\/wp\/v2\/comments?post=124"}],"version-history":[{"count":2,"href":"https:\/\/fjallflygarna.se\/en\/wp-json\/wp\/v2\/pages\/124\/revisions"}],"predecessor-version":[{"id":202,"href":"https:\/\/fjallflygarna.se\/en\/wp-json\/wp\/v2\/pages\/124\/revisions\/202"}],"wp:attachment":[{"href":"https:\/\/fjallflygarna.se\/en\/wp-json\/wp\/v2\/media?parent=124"}],"curies":[{"name":"wp","href":"https:\/\/api.w.org\/{rel}","templated":true}]}}