{"id":20,"date":"2025-07-13T14:29:27","date_gmt":"2025-07-13T14:29:27","guid":{"rendered":"https:\/\/fjallflygarna.se\/web\/hem\/"},"modified":"2026-03-16T14:51:06","modified_gmt":"2026-03-16T14:51:06","slug":"hem","status":"publish","type":"page","link":"https:\/\/fjallflygarna.se\/en\/","title":{"rendered":"Hem"},"content":{"rendered":"<h3 class=\"wp-block-heading\">Our Services<\/h3>\n\n\n\n<p>We offer a wide range of helicopter services such as fishing flights, hunting transports, cargo transport, reindeer herding support, and aerial photography. With extensive local knowledge and a strong focus on safety, we carry out missions throughout the mountains of Arjeplog. Whether you are an angler, a hunter, or need cargo transported, we are your reliable partner.<br><a href=\"https:\/\/fjallflygarna.se\/en\/web\/uppdrag\/\" data-type=\"page\" data-id=\"34\">Read more about our services \u2192<\/a><\/p>\n\n\n\n<hr class=\"wp-block-separator has-alpha-channel-opacity\"\/>\n\n\n\n<h3 class=\"wp-block-heading\">Accommodation<\/h3>\n\n\n\n<p>We collaborate with accommodations in the area to offer convenient package solutions close to the mountain adventure. Here you can find everything from cozy mountain cabins to comfortable lodging with a sauna \u2013 perfect for those who want to combine helicopter transport with a nature-based holiday.<br><a href=\"https:\/\/fjallflygarna.se\/en\/web\/boende\/\" data-type=\"page\" data-id=\"88\">See accommodation options\u2192<\/a><\/p>\n\n\n\n<hr class=\"wp-block-separator has-alpha-channel-opacity\"\/>\n\n\n\n<h3 class=\"wp-block-heading\">About Fj\u00e4llflygarna<\/h3>\n\n\n\n<p>Located in Adolfstr\u00f6m in the municipality of Arjeplog, Lapland, we operate Fj\u00e4llflygarna, which was founded in the 1980s. Our long experience and strong local roots allow us to provide personal service with a focus on safety and quality. We are proud to be part of the mountain landscape of Arjeplog and continue to develop our services with our customers\u2019 needs at the center.<\/p>\n\n\n\n<p><a href=\"https:\/\/fjallflygarna.se\/en\/web\/om-oss\/\" data-type=\"page\" data-id=\"38\">Read more about us\u2192<\/a><\/p>\n\n\n\n<figure class=\"wp-block-image size-large\"><img loading=\"lazy\" decoding=\"async\" width=\"1024\" height=\"473\" src=\"https:\/\/fjallflygarna.se\/web\/wp-content\/uploads\/2026\/02\/20230806_111631-1024x473.jpg\" alt=\"\" class=\"wp-image-438\" srcset=\"https:\/\/fjallflygarna.se\/web\/wp-content\/uploads\/2026\/02\/20230806_111631-1024x473.jpg 1024w, https:\/\/fjallflygarna.se\/web\/wp-content\/uploads\/2026\/02\/20230806_111631-300x139.jpg 300w, https:\/\/fjallflygarna.se\/web\/wp-content\/uploads\/2026\/02\/20230806_111631-768x355.jpg 768w, https:\/\/fjallflygarna.se\/web\/wp-content\/uploads\/2026\/02\/20230806_111631-1536x710.jpg 1536w, https:\/\/fjallflygarna.se\/web\/wp-content\/uploads\/2026\/02\/20230806_111631-2048x946.jpg 2048w, https:\/\/fjallflygarna.se\/web\/wp-content\/uploads\/2026\/02\/20230806_111631-18x8.jpg 18w\" sizes=\"auto, (max-width: 1024px) 100vw, 1024px\" \/><\/figure>\n\n\n\n<hr class=\"wp-block-separator has-alpha-channel-opacity\"\/>\n\n\n\n<h3 class=\"wp-block-heading\">A Day Hike in the Mountains - Trips Suitable for Most People<\/h3>\n\n\n\n<p>Interested in a day trip in the mountains but still want to sleep in a comfortable bed at night? Then a helicopter day trip might be perfect for you. Fly out into the mountains and hike your way back.<\/p>\n\n\n\n<h4 class=\"wp-block-heading\">Heli Hike<\/h4>\n\n\n\n<p>Interested in a day trip in the mountains but still want to sleep in a comfortable bed at night? Then a helicopter day trip might be perfect for you. Fly out into the mountains and hike your way back. Information and booking via&nbsp;<a href=\"http:\/\/www.campgauto.se\/\">www.campgauto.se<\/a><\/p>\n\n\n\n<p><a href=\"\/en\/web\/dagsutflykter\/#lasmer\" data-type=\"page\" data-id=\"322\">Read more about day trips<\/a><\/p>\n\n\n\n<h4 class=\"wp-block-heading\">Far och Flyg<\/h4>\n\n\n\n<p>Fly to the top of Mount Tj\u00e4ksa, 1092 meters above sea level. While enjoying your packed lunch, you can admire the view of the Lais\u00e4lven river winding through the valley below. Hike the 6 kilometers and cross the Lais\u00e4lven on your way to the restaurant in B\u00e4verholm. Enjoy a meal at the inn and then return to Adolfstr\u00f6m by boat.<br>Information and booking via&nbsp;<a href=\"https:\/\/www.baverholmswardshus.se\/\">www.baverholmswardshus.se<\/a><br><br>Follow our social media channels for more inspiration for visiting the beautiful mountain environment of the Laisdalen valley.<\/p>\n\n\n\n<p><a href=\"\/en\/web\/dagsutflykter\/#lasmer\" data-type=\"page\" data-id=\"322\">Read more about day trips<\/a><\/p>\n\n\n\n<hr class=\"wp-block-separator has-alpha-channel-opacity\"\/>\n\n\n\n<h3 class=\"wp-block-heading\">Information<\/h3>\n\n\n\n<p>Here you will find links to weather forecasts, fishing maps, and other important information before your trip with us.<\/p>\n\n\n\n<ul class=\"wp-block-list\">\n<li><a href=\"https:\/\/fjallflygarna.se\/en\/web\/information\/\" data-type=\"page\" data-id=\"100\">Information <\/a><\/li>\n\n\n\n<li><a class=\"\" href=\"https:\/\/www.smhi.se\">Weather (SMHI)<\/a><\/li>\n\n\n\n<li><a class=\"\" href=\"https:\/\/www.yr.no\">Weather (YR)<\/a><\/li>\n\n\n\n<li><a href=\"https:\/\/fjallflygarna.se\/en\/fiske\/#fiskekart\" data-type=\"page\" data-id=\"106\">Fishing Map <\/a><\/li>\n\n\n\n<li><a href=\"https:\/\/fjallflygarna.se\/en\/web\/kameror\/\" data-type=\"page\" data-id=\"124\">Webcams<\/a><\/li>\n<\/ul>\n\n\n\n<p><\/p>","protected":false},"excerpt":{"rendered":"<p>V\u00e5ra Uppdrag Vi erbjuder helikopter uppdrag som fiskeflyg, jakttransporter, godstransporter, rensk\u00f6tsel och fotografering. Med stor lokalk\u00e4nnedom och fokus p\u00e5 s\u00e4kerhet utf\u00f6r vi uppdrag i hela Arjeplogs fj\u00e4llen. Oavsett om du \u00e4r fiskare, j\u00e4gare eller beh\u00f6ver transport av gods \u00e4r vi din trygga partner.L\u00e4s mer om v\u00e5ra uppdrag \u2192 Boende Vi [&hellip;]<\/p>\n","protected":false},"author":1,"featured_media":0,"parent":0,"menu_order":0,"comment_status":"closed","ping_status":"closed","template":"","meta":{"_themeisle_gutenberg_block_has_review":false,"footnotes":""},"class_list":["post-20","page","type-page","status-publish","hentry"],"_links":{"self":[{"href":"https:\/\/fjallflygarna.se\/en\/wp-json\/wp\/v2\/pages\/20","targetHints":{"allow":["GET"]}}],"collection":[{"href":"https:\/\/fjallflygarna.se\/en\/wp-json\/wp\/v2\/pages"}],"about":[{"href":"https:\/\/fjallflygarna.se\/en\/wp-json\/wp\/v2\/types\/page"}],"author":[{"embeddable":true,"href":"https:\/\/fjallflygarna.se\/en\/wp-json\/wp\/v2\/users\/1"}],"replies":[{"embeddable":true,"href":"https:\/\/fjallflygarna.se\/en\/wp-json\/wp\/v2\/comments?post=20"}],"version-history":[{"count":16,"href":"https:\/\/fjallflygarna.se\/en\/wp-json\/wp\/v2\/pages\/20\/revisions"}],"predecessor-version":[{"id":492,"href":"https:\/\/fjallflygarna.se\/en\/wp-json\/wp\/v2\/pages\/20\/revisions\/492"}],"wp:attachment":[{"href":"https:\/\/fjallflygarna.se\/en\/wp-json\/wp\/v2\/media?parent=20"}],"curies":[{"name":"wp","href":"https:\/\/api.w.org\/{rel}","templated":true}]}}