{"id":276,"date":"2025-12-22T16:24:18","date_gmt":"2025-12-22T16:24:18","guid":{"rendered":"https:\/\/fjallflygarna.se\/web\/?page_id=276"},"modified":"2026-03-11T20:57:22","modified_gmt":"2026-03-11T20:57:22","slug":"stugor-i-fjallen","status":"publish","type":"page","link":"https:\/\/fjallflygarna.se\/en\/stugor-i-fjallen\/","title":{"rendered":"Mountain Cabins"},"content":{"rendered":"<h2 class=\"wp-block-heading\">Mountain Cabins<\/h2>\n\n\n\n<p>Vi kan f\u00f6rmedla stugor p\u00e5 n\u00e5gra olika platser i fj\u00e4llen runt Adolfstr\u00f6m. Stugorna passar f\u00f6r 2-4 personer och \u00e4r av varierande standard. En stuga \u00e4r st\u00f6rre, den har \u00e5tta s\u00e4ngplatser. <\/p>\n\n\n\n<p>Kontakta oss f\u00f6r mer information.<\/p>\n\n\n\n<p><\/p>","protected":false},"excerpt":{"rendered":"<p>Stugor i Fj\u00e4llen Vi kan f\u00f6rmedla stugor p\u00e5 n\u00e5gra olika platser i fj\u00e4llen runt Adolfstr\u00f6m. Stugorna passar f\u00f6r 2-4 personer och \u00e4r av varierande standard. En stuga \u00e4r st\u00f6rre, den har \u00e5tta s\u00e4ngplatser. Kontakta oss f\u00f6r mer information.<\/p>","protected":false},"author":2,"featured_media":0,"parent":0,"menu_order":0,"comment_status":"closed","ping_status":"closed","template":"","meta":{"_themeisle_gutenberg_block_has_review":false,"footnotes":""},"class_list":["post-276","page","type-page","status-publish","hentry"],"_links":{"self":[{"href":"https:\/\/fjallflygarna.se\/en\/wp-json\/wp\/v2\/pages\/276","targetHints":{"allow":["GET"]}}],"collection":[{"href":"https:\/\/fjallflygarna.se\/en\/wp-json\/wp\/v2\/pages"}],"about":[{"href":"https:\/\/fjallflygarna.se\/en\/wp-json\/wp\/v2\/types\/page"}],"author":[{"embeddable":true,"href":"https:\/\/fjallflygarna.se\/en\/wp-json\/wp\/v2\/users\/2"}],"replies":[{"embeddable":true,"href":"https:\/\/fjallflygarna.se\/en\/wp-json\/wp\/v2\/comments?post=276"}],"version-history":[{"count":5,"href":"https:\/\/fjallflygarna.se\/en\/wp-json\/wp\/v2\/pages\/276\/revisions"}],"predecessor-version":[{"id":483,"href":"https:\/\/fjallflygarna.se\/en\/wp-json\/wp\/v2\/pages\/276\/revisions\/483"}],"wp:attachment":[{"href":"https:\/\/fjallflygarna.se\/en\/wp-json\/wp\/v2\/media?parent=276"}],"curies":[{"name":"wp","href":"https:\/\/api.w.org\/{rel}","templated":true}]}}