{"id":322,"date":"2025-12-27T16:35:59","date_gmt":"2025-12-27T16:35:59","guid":{"rendered":"https:\/\/fjallflygarna.se\/web\/?page_id=322"},"modified":"2026-03-16T14:14:05","modified_gmt":"2026-03-16T14:14:05","slug":"dagsutflykter","status":"publish","type":"page","link":"https:\/\/fjallflygarna.se\/en\/dagsutflykter\/","title":{"rendered":"Day Trips"},"content":{"rendered":"<h3 class=\"wp-block-heading\">En dagsvandring i fj\u00e4llen &#8211; turer som passar de flesta<\/h3>\n\n\n\n<p><br>Interested in a day trip in the mountains but still want to sleep in a comfortable bed at night? Then a helicopter day trip might be perfect for you. Fly out into the mountains and hike your way back.<br><\/p>\n\n\n\n<h4 class=\"wp-block-heading\">Heli Hike<\/h4>\n\n\n\n<p>Interested in a day trip in the mountains but still want to sleep in a comfortable bed at night? Then a helicopter day trip might be perfect for you. Fly out into the mountains and hike your way back. Information and booking via&nbsp;<a href=\"http:\/\/www.campgauto.se\/\">www.campgauto.se<\/a><br><\/p>\n\n\n\n<h4 class=\"wp-block-heading\">Far och Flyg<\/h4>\n\n\n\n<p id=\"lasmer\">Fly to the top of Mount Tj\u00e4ksa, 1092 meters above sea level. While enjoying your packed lunch, you can admire the view of the Lais\u00e4lven river winding through the valley below. Hike the 6 kilometers and cross the Lais\u00e4lven on your way to the restaurant in B\u00e4verholm. Enjoy a meal at the inn and then return to Adolfstr\u00f6m by boat.<br>Information and booking via <a href=\"https:\/\/www.baverholmswardshus.se\/\">www.baverholmswardshus.se<\/a><br><br>Follow our social media channels for more inspiration for visiting the beautiful mountain environment of the Laisdalen valley.<\/p>\n\n\n\n<h3 class=\"wp-block-heading\"><strong>Good to Know Before Your Trip<\/strong><\/h3>\n\n\n\n<ul class=\"wp-block-list\">\n<li>The season for Heli Hike and Far and Flyg varies but is usually from early July to mid-August. Follow our social media channels, or those of our partners, for updates. You are also welcome to contact us for current information.<\/li>\n\n\n\n<li>Our helicopters carry 4 or 6 passengers per flight<\/li>\n\n\n\n<li>The hike can be steep and sometimes slippery, so good hiking boots\/shoes and possibly hiking poles are recommended<\/li>\n\n\n\n<li>Bring snacks and water<\/li>\n\n\n\n<li>Mountain weather can change quickly, so bring appropriate clothing<\/li>\n<\/ul>\n\n\n\n<h4 class=\"wp-block-heading\">Prices<\/h4>\n\n\n\n<p>The price includes:<\/p>\n\n\n\n<ul class=\"wp-block-list\">\n<li>Helicopter transport to a mountain summit<\/li>\n\n\n\n<li>Meal<\/li>\n\n\n\n<li>Boat transfer<\/li>\n<\/ul>\n\n\n\n<p><\/p>\n\n\n\n<h4 class=\"wp-block-heading\">Booking<\/h4>\n\n\n\n<p>Heli Hike is booked via&nbsp;<a href=\"http:\/\/www.campgauto.se\/\" target=\"_blank\" rel=\"noreferrer noopener\">www.campgauto.se<\/a><br><br>Far and Flyg is booked via&nbsp;<a href=\"https:\/\/www.baverholmswardshus.se\/far-flyg\/\" target=\"_blank\" rel=\"noreferrer noopener\">www.baverholmswardshus.se<\/a><br><br>Please note that flights are weather dependent. The mountain summit may be covered by clouds or fog even when the weather elsewhere is good.<\/p>\n\n\n\n<p>Our Tj\u00e4ksa webcam shows the current weather conditions around the mountain.\n\nWebcam available here: <a href=\"https:\/\/fjallflygarna.se\/en\/kameror\/\" data-type=\"link\" data-id=\"https:\/\/fjallflygarna.se\/kameror\/\">Webcam<\/a>\u00a0<\/p>\n\n\n\n<p><\/p>","protected":false},"excerpt":{"rendered":"<p>En dagsvandring i fj\u00e4llen &#8211; turer som passar de flesta Sugen p\u00e5 en dagsutflykt i fj\u00e4llen men vill fortfarande sova i en sk\u00f6n s\u00e4ng? G\u00f6r d\u00e5 en dagsutflykt d\u00e4r du flyger ut med helikopter och vandrar hem. Heli Hike Ta med trevligt s\u00e4llskap och testa utflykten Heli Hike. Ni flygs [&hellip;]<\/p>\n","protected":false},"author":2,"featured_media":0,"parent":0,"menu_order":0,"comment_status":"closed","ping_status":"closed","template":"","meta":{"_themeisle_gutenberg_block_has_review":false,"footnotes":""},"class_list":["post-322","page","type-page","status-publish","hentry"],"_links":{"self":[{"href":"https:\/\/fjallflygarna.se\/en\/wp-json\/wp\/v2\/pages\/322","targetHints":{"allow":["GET"]}}],"collection":[{"href":"https:\/\/fjallflygarna.se\/en\/wp-json\/wp\/v2\/pages"}],"about":[{"href":"https:\/\/fjallflygarna.se\/en\/wp-json\/wp\/v2\/types\/page"}],"author":[{"embeddable":true,"href":"https:\/\/fjallflygarna.se\/en\/wp-json\/wp\/v2\/users\/2"}],"replies":[{"embeddable":true,"href":"https:\/\/fjallflygarna.se\/en\/wp-json\/wp\/v2\/comments?post=322"}],"version-history":[{"count":5,"href":"https:\/\/fjallflygarna.se\/en\/wp-json\/wp\/v2\/pages\/322\/revisions"}],"predecessor-version":[{"id":488,"href":"https:\/\/fjallflygarna.se\/en\/wp-json\/wp\/v2\/pages\/322\/revisions\/488"}],"wp:attachment":[{"href":"https:\/\/fjallflygarna.se\/en\/wp-json\/wp\/v2\/media?parent=322"}],"curies":[{"name":"wp","href":"https:\/\/api.w.org\/{rel}","templated":true}]}}