{"id":333,"date":"2025-12-27T16:53:34","date_gmt":"2025-12-27T16:53:34","guid":{"rendered":"https:\/\/fjallflygarna.se\/web\/?page_id=333"},"modified":"2025-12-27T17:02:26","modified_gmt":"2025-12-27T17:02:26","slug":"jakt","status":"publish","type":"page","link":"https:\/\/fjallflygarna.se\/en\/jakt\/","title":{"rendered":"Hunting"},"content":{"rendered":"<h2 class=\"wp-block-heading\">Hunting<\/h2>\n\n\n\n<p><br>The area around Adolfstr\u00f6m offers excellent opportunities for small game hunting, particularly ptarmigan (both willow ptarmigan and rock ptarmigan).<\/p>\n\n\n\n<p>Whether you want to make a day trip or spend several days in the mountains, you are welcome to contact us. We also collaborate with several hunting organizers offering different levels of service.<\/p>\n\n\n\n<p>Bookings can be made directly through us or through one of our partners.<\/p>\n\n\n\n<p>Remember to check whether the hunting area you plan to visit is open: <a href=\"https:\/\/www.natureit.se\/\">https:\/\/www.natureit.se\/<\/a><\/p>\n\n\n\n<p>We also operate flights from the Ammarn\u00e4s area \u2014 contact us for more information.<\/p>","protected":false},"excerpt":{"rendered":"<p>Jakt I trakterna runt Adolfstr\u00f6m finns goda m\u00f6jligheter till sm\u00e5viltsjakt p\u00e5 ripa, b\u00e5de dalripa och fj\u00e4llripa. Vare sig man vill g\u00f6ra en dagstur eller stanna flera dagar p\u00e5 fj\u00e4llet kan ni v\u00e4nda er till oss. Vi samarbetar \u00e4ven med flera jaktarrang\u00f6rer d\u00e4r olika serviceniv\u00e5er kan erbjudas. Bokning kan ske direkt [&hellip;]<\/p>\n","protected":false},"author":2,"featured_media":0,"parent":0,"menu_order":0,"comment_status":"closed","ping_status":"closed","template":"","meta":{"_themeisle_gutenberg_block_has_review":false,"footnotes":""},"class_list":["post-333","page","type-page","status-publish","hentry"],"_links":{"self":[{"href":"https:\/\/fjallflygarna.se\/en\/wp-json\/wp\/v2\/pages\/333","targetHints":{"allow":["GET"]}}],"collection":[{"href":"https:\/\/fjallflygarna.se\/en\/wp-json\/wp\/v2\/pages"}],"about":[{"href":"https:\/\/fjallflygarna.se\/en\/wp-json\/wp\/v2\/types\/page"}],"author":[{"embeddable":true,"href":"https:\/\/fjallflygarna.se\/en\/wp-json\/wp\/v2\/users\/2"}],"replies":[{"embeddable":true,"href":"https:\/\/fjallflygarna.se\/en\/wp-json\/wp\/v2\/comments?post=333"}],"version-history":[{"count":1,"href":"https:\/\/fjallflygarna.se\/en\/wp-json\/wp\/v2\/pages\/333\/revisions"}],"predecessor-version":[{"id":334,"href":"https:\/\/fjallflygarna.se\/en\/wp-json\/wp\/v2\/pages\/333\/revisions\/334"}],"wp:attachment":[{"href":"https:\/\/fjallflygarna.se\/en\/wp-json\/wp\/v2\/media?parent=333"}],"curies":[{"name":"wp","href":"https:\/\/api.w.org\/{rel}","templated":true}]}}