{"id":36,"date":"2025-07-13T15:33:37","date_gmt":"2025-07-13T15:33:37","guid":{"rendered":"https:\/\/fjallflygarna.se\/web\/?page_id=36"},"modified":"2025-07-17T12:46:00","modified_gmt":"2025-07-17T12:46:00","slug":"boka-flyg","status":"publish","type":"page","link":"https:\/\/fjallflygarna.se\/en\/boka-flyg\/","title":{"rendered":"BOOK FLIGHT"},"content":{"rendered":"\n<p>Vill du ut p\u00e5 fj\u00e4llet, till stugan, p\u00e5 fisketur eller har du ett specialuppdrag som kr\u00e4ver helikoptertransport? Fyll i formul\u00e4ret nedan s\u00e5 \u00e5terkommer vi med pris, tillg\u00e4nglighet och f\u00f6rslag p\u00e5 uppl\u00e4gg.<\/p>\n\n\n\n<p>Vi anpassar varje flygning efter dina behov \u2013 d\u00e4rf\u00f6r tar vi emot bokningsf\u00f6rfr\u00e5gningar manuellt ist\u00e4llet f\u00f6r via ett automatiskt bokningssystem. Ju mer information du kan ge, desto snabbare kan vi ge dig ett bra svar.<\/p>\n\n\n\n<p>Maila oss till boka@fjallflygarna.se eller fyll i formul\u00e4ret:<\/p>\n\n\n\n<p><\/p>\n\n\n<div class=\"wpforms-container wpforms-container-full wpforms-block wpforms-block-e87e5da3-68cd-44d0-a434-ed36436d34a7\" id=\"wpforms-153\"><form id=\"wpforms-form-153\" class=\"wpforms-validate wpforms-form wpforms-ajax-form\" data-formid=\"153\" method=\"post\" enctype=\"multipart\/form-data\" action=\"\/en\/wp-json\/wp\/v2\/pages\/36\" data-token=\"8155ebffdef0c2edd897ef9aef040694\" data-token-time=\"1776335389\"><noscript class=\"wpforms-error-noscript\">Please enable JavaScript in your browser to complete this form.<\/noscript><div class=\"wpforms-field-container\">\t\t<div id=\"wpforms-153-field_1-container\"\n\t\t\tclass=\"wpforms-field wpforms-field-text\"\n\t\t\tdata-field-type=\"text\"\n\t\t\tdata-field-id=\"1\"\n\t\t\t>\n\t\t\t<label class=\"wpforms-field-label\" for=\"wpforms-153-field_1\" >Telefon flyga \u00d6vrigt<\/label>\n\t\t\t<input type=\"text\" id=\"wpforms-153-field_1\" class=\"wpforms-field-medium\" name=\"wpforms[fields][1]\" >\n\t\t<\/div>\n\t\t<div id=\"wpforms-153-field_7-container\" class=\"wpforms-field wpforms-field-name\" data-field-id=\"7\"><label class=\"wpforms-field-label\" for=\"wpforms-153-field_7\">Namn <span class=\"wpforms-required-label\">*<\/span><\/label><input type=\"text\" id=\"wpforms-153-field_7\" class=\"wpforms-field-large wpforms-field-required\" name=\"wpforms[fields][7]\" required><\/div><div id=\"wpforms-153-field_3-container\" class=\"wpforms-field wpforms-field-email\" data-field-id=\"3\"><label class=\"wpforms-field-label\" for=\"wpforms-153-field_3\">E-post <span class=\"wpforms-required-label\">*<\/span><\/label><input type=\"email\" id=\"wpforms-153-field_3\" class=\"wpforms-field-large wpforms-field-required\" name=\"wpforms[fields][3]\" spellcheck=\"false\" required><\/div><div id=\"wpforms-153-field_4-container\" class=\"wpforms-field wpforms-field-text\" data-field-id=\"4\"><label class=\"wpforms-field-label\" for=\"wpforms-153-field_4\">Telefon <span class=\"wpforms-required-label\">*<\/span><\/label><input type=\"text\" id=\"wpforms-153-field_4\" class=\"wpforms-field-large wpforms-field-required\" name=\"wpforms[fields][4]\" required><\/div><div id=\"wpforms-153-field_5-container\" class=\"wpforms-field wpforms-field-text\" data-field-id=\"5\"><label class=\"wpforms-field-label\" for=\"wpforms-153-field_5\">Antal passagerare<\/label><input type=\"text\" id=\"wpforms-153-field_5\" class=\"wpforms-field-large\" name=\"wpforms[fields][5]\" ><\/div><div id=\"wpforms-153-field_9-container\" class=\"wpforms-field wpforms-field-text\" data-field-id=\"9\"><label class=\"wpforms-field-label\" for=\"wpforms-153-field_9\">Jag vill flyga fr\u00e5n<\/label><input type=\"text\" id=\"wpforms-153-field_9\" class=\"wpforms-field-large\" name=\"wpforms[fields][9]\" ><div class=\"wpforms-field-description\">Vi har hemmabaser i Adolfstr\u00f6m\noch Biergen\u00e4s utanf\u00f6r Ammarn\u00e4s<\/div><\/div><div id=\"wpforms-153-field_11-container\" class=\"wpforms-field wpforms-field-text\" data-field-id=\"11\"><label class=\"wpforms-field-label\" for=\"wpforms-153-field_11\">Jag vill flyga till<\/label><input type=\"text\" id=\"wpforms-153-field_11\" class=\"wpforms-field-large\" name=\"wpforms[fields][11]\" ><\/div><div id=\"wpforms-153-field_10-container\" class=\"wpforms-field wpforms-field-text\" data-field-id=\"10\"><label class=\"wpforms-field-label\" for=\"wpforms-153-field_10\">Datum<\/label><input type=\"text\" id=\"wpforms-153-field_10\" class=\"wpforms-field-large\" name=\"wpforms[fields][10]\" ><\/div><div id=\"wpforms-153-field_8-container\" class=\"wpforms-field wpforms-field-textarea\" data-field-id=\"8\"><label class=\"wpforms-field-label\" for=\"wpforms-153-field_8\">\u00d6vrigt<\/label><textarea id=\"wpforms-153-field_8\" class=\"wpforms-field-medium\" name=\"wpforms[fields][8]\" ><\/textarea><\/div><script>\n\t\t\t\t( function() {\n\t\t\t\t\tconst style = document.createElement( 'style' );\n\t\t\t\t\tstyle.appendChild( document.createTextNode( '#wpforms-153-field_1-container { position: absolute !important; overflow: hidden !important; display: inline !important; height: 1px !important; width: 1px !important; z-index: -1000 !important; padding: 0 !important; } #wpforms-153-field_1-container input { visibility: hidden; } #wpforms-conversational-form-page #wpforms-153-field_1-container label { counter-increment: none; }' ) );\n\t\t\t\t\tdocument.head.appendChild( style );\n\t\t\t\t\tdocument.currentScript?.remove();\n\t\t\t\t} )();\n\t\t\t<\/script><\/div><!-- .wpforms-field-container --><div class=\"wpforms-submit-container\" ><input type=\"hidden\" name=\"wpforms[id]\" value=\"153\"><input type=\"hidden\" name=\"page_title\" value=\"\"><input type=\"hidden\" name=\"page_url\" value=\"https:\/\/fjallflygarna.se\/en\/wp-json\/wp\/v2\/pages\/36\"><input type=\"hidden\" name=\"url_referer\" value=\"\"><button type=\"submit\" name=\"wpforms[submit]\" id=\"wpforms-submit-153\" class=\"wpforms-submit\" data-alt-text=\"Skickar \u2026\" data-submit-text=\"Skicka\" aria-live=\"assertive\" value=\"wpforms-submit\">Skicka<\/button><img loading=\"lazy\" decoding=\"async\" src=\"https:\/\/fjallflygarna.se\/web\/wp-content\/plugins\/wpforms-lite\/assets\/images\/submit-spin.svg\" class=\"wpforms-submit-spinner\" style=\"display: none;\" width=\"26\" height=\"26\" alt=\"Loading\"><\/div><\/form><\/div>  <!-- .wpforms-container -->","protected":false},"excerpt":{"rendered":"<p>Vill du ut p\u00e5 fj\u00e4llet, till stugan, p\u00e5 fisketur eller har du ett specialuppdrag som kr\u00e4ver helikoptertransport? Fyll i formul\u00e4ret nedan s\u00e5 \u00e5terkommer vi med pris, tillg\u00e4nglighet och f\u00f6rslag p\u00e5 uppl\u00e4gg. Vi anpassar varje flygning efter dina behov \u2013 d\u00e4rf\u00f6r tar vi emot bokningsf\u00f6rfr\u00e5gningar manuellt ist\u00e4llet f\u00f6r via ett automatiskt [&hellip;]<\/p>\n","protected":false},"author":1,"featured_media":0,"parent":0,"menu_order":0,"comment_status":"closed","ping_status":"closed","template":"","meta":{"_themeisle_gutenberg_block_has_review":false,"footnotes":""},"class_list":["post-36","page","type-page","status-publish","hentry"],"_links":{"self":[{"href":"https:\/\/fjallflygarna.se\/en\/wp-json\/wp\/v2\/pages\/36","targetHints":{"allow":["GET"]}}],"collection":[{"href":"https:\/\/fjallflygarna.se\/en\/wp-json\/wp\/v2\/pages"}],"about":[{"href":"https:\/\/fjallflygarna.se\/en\/wp-json\/wp\/v2\/types\/page"}],"author":[{"embeddable":true,"href":"https:\/\/fjallflygarna.se\/en\/wp-json\/wp\/v2\/users\/1"}],"replies":[{"embeddable":true,"href":"https:\/\/fjallflygarna.se\/en\/wp-json\/wp\/v2\/comments?post=36"}],"version-history":[{"count":7,"href":"https:\/\/fjallflygarna.se\/en\/wp-json\/wp\/v2\/pages\/36\/revisions"}],"predecessor-version":[{"id":484,"href":"https:\/\/fjallflygarna.se\/en\/wp-json\/wp\/v2\/pages\/36\/revisions\/484"}],"wp:attachment":[{"href":"https:\/\/fjallflygarna.se\/en\/wp-json\/wp\/v2\/media?parent=36"}],"curies":[{"name":"wp","href":"https:\/\/api.w.org\/{rel}","templated":true}]}}