{"id":71,"date":"2025-07-13T16:14:13","date_gmt":"2025-07-13T16:14:13","guid":{"rendered":"https:\/\/fjallflygarna.se\/web\/?page_id=71"},"modified":"2026-02-22T19:21:53","modified_gmt":"2026-02-22T19:21:53","slug":"organisationsnummer-foretagsinfo","status":"publish","type":"page","link":"https:\/\/fjallflygarna.se\/en\/organisationsnummer-foretagsinfo\/","title":{"rendered":"Company Information \/ Organization Number"},"content":{"rendered":"<h4 class=\"wp-block-heading\">Company Information<\/h4>\n\n\n\n<p>Fj\u00e4llflygarna AB is a Swedish helicopter company based in Adolfstr\u00f6m, municipality of Arjeplog. We provide helicopter services such as passenger transport, mountain transport, and specialized flight operations in northern Sweden.<\/p>\n\n\n\n<h4 class=\"wp-block-heading\">Company Details<\/h4>\n\n\n\n<p>Company name: Fj\u00e4llflygarna AB<br>Organization number: 556217-2410<\/p>\n\n\n\n<p>Adress:<br>Adolfstr\u00f6m 158<br>938 93 Laisvall<br>Sweden<\/p>\n\n\n\n<p>Phone: 0961 - 230 40<br>Email <a>info@fjallflygarna.se<\/a><\/p>\n\n\n\n<p><\/p>","protected":false},"excerpt":{"rendered":"<p>F\u00f6retagsinformation Fj\u00e4llflygarna AB \u00e4r ett svenskt helikopterf\u00f6retag baserat i Adolfstr\u00f6m, Arjeplogs kommun. Vi erbjuder helikopteruppdrag s\u00e5som persontransport, fj\u00e4lltransporter och specialuppdrag i norra Sverige. F\u00f6retagsuppgifter F\u00f6retagsnamn: Fj\u00e4llflygarna ABOrganisationsnummer: 556217-2410 Adress:Adolfstr\u00f6m 158938 93 LaisvallSverige Telefon: 0961-230 40E-post: info@fjallflygarna.se<\/p>","protected":false},"author":1,"featured_media":0,"parent":0,"menu_order":0,"comment_status":"closed","ping_status":"closed","template":"","meta":{"_themeisle_gutenberg_block_has_review":false,"footnotes":""},"class_list":["post-71","page","type-page","status-publish","hentry"],"_links":{"self":[{"href":"https:\/\/fjallflygarna.se\/en\/wp-json\/wp\/v2\/pages\/71","targetHints":{"allow":["GET"]}}],"collection":[{"href":"https:\/\/fjallflygarna.se\/en\/wp-json\/wp\/v2\/pages"}],"about":[{"href":"https:\/\/fjallflygarna.se\/en\/wp-json\/wp\/v2\/types\/page"}],"author":[{"embeddable":true,"href":"https:\/\/fjallflygarna.se\/en\/wp-json\/wp\/v2\/users\/1"}],"replies":[{"embeddable":true,"href":"https:\/\/fjallflygarna.se\/en\/wp-json\/wp\/v2\/comments?post=71"}],"version-history":[{"count":2,"href":"https:\/\/fjallflygarna.se\/en\/wp-json\/wp\/v2\/pages\/71\/revisions"}],"predecessor-version":[{"id":434,"href":"https:\/\/fjallflygarna.se\/en\/wp-json\/wp\/v2\/pages\/71\/revisions\/434"}],"wp:attachment":[{"href":"https:\/\/fjallflygarna.se\/en\/wp-json\/wp\/v2\/media?parent=71"}],"curies":[{"name":"wp","href":"https:\/\/api.w.org\/{rel}","templated":true}]}}